{"id":6449,"date":"2025-02-10T01:53:56","date_gmt":"2025-02-10T00:53:56","guid":{"rendered":"https:\/\/pesiclaw.com\/blog\/"},"modified":"2025-09-14T23:07:29","modified_gmt":"2025-09-14T21:07:29","slug":"blog","status":"publish","type":"page","link":"https:\/\/pesiclaw.com\/en\/blog\/","title":{"rendered":"Blog"},"content":{"rendered":"\t\t<div data-elementor-type=\"wp-page\" data-elementor-id=\"6449\" class=\"elementor elementor-6449 elementor-48\">\n\t\t\t\t<div class=\"elementor-element elementor-element-ca15294 e-flex e-con-boxed e-con e-parent\" data-id=\"ca15294\" data-element_type=\"container\">\n\t\t\t\t\t<div class=\"e-con-inner\">\n\t\t\t\t<div class=\"elementor-element elementor-element-fbafaea elementor-widget elementor-widget-legalik-post-grid\" data-id=\"fbafaea\" data-element_type=\"widget\" data-widget_type=\"legalik-post-grid.default\">\n\t\t\t\t<div class=\"elementor-widget-container\">\n\t\t\t\t\t        <div class=\"elementor-post-wrapper elementor-post-style-1\">\n            <div class=\"d-grid\">\n                                                        <div class=\"grid-item\">\n                            <div class=\"post-inner blog-grid\">\n    <div class=\"post-thumbnail\"><img fetchpriority=\"high\" decoding=\"async\" width=\"600\" height=\"600\" src=\"https:\/\/pesiclaw.com\/wp-content\/uploads\/2025\/06\/Pesic-Law-na-Prague-Gaming-Tech-Summit-CEE-2025-1.webp\" class=\"attachment-large size-large wp-post-image\" alt=\"\" srcset=\"https:\/\/pesiclaw.com\/wp-content\/uploads\/2025\/06\/Pesic-Law-na-Prague-Gaming-Tech-Summit-CEE-2025-1.webp 600w, https:\/\/pesiclaw.com\/wp-content\/uploads\/2025\/06\/Pesic-Law-na-Prague-Gaming-Tech-Summit-CEE-2025-1-300x300.webp 300w, https:\/\/pesiclaw.com\/wp-content\/uploads\/2025\/06\/Pesic-Law-na-Prague-Gaming-Tech-Summit-CEE-2025-1-150x150.webp 150w\" sizes=\"(max-width: 600px) 100vw, 600px\" \/><\/div>    <div class=\"post-content\">\n        <div class=\"entry-meta\">\n            <div class=\"entry-meta-inner\">\n                 <div class=\"categories-link\"><span class=\"screen-reader-text\">Categories<\/span><a href=\"https:\/\/pesiclaw.com\/en\/category\/news\/\" rel=\"category tag\">News<\/a><\/div> <div class=\"posted-on\"><a href=\"https:\/\/pesiclaw.com\/en\/pesic-law-at-prague-gaming-tech-summit-cee-2025\/\" rel=\"bookmark\"><time class=\"entry-date published\" datetime=\"2025-06-06T03:42:19+02:00\">06\/06\/2025<\/time><time class=\"updated\" datetime=\"2025-09-14T22:58:09+02:00\">14\/09\/2025<\/time><\/a><\/div>             <\/div>\n        <\/div>\n        <h3 class=\"omega entry-title\"><a href=\"https:\/\/pesiclaw.com\/en\/pesic-law-at-prague-gaming-tech-summit-cee-2025\/\" rel=\"bookmark\">Pe\u0161i\u0107 Law at Prague Gaming &amp; Tech Summit CEE 2025<\/a><\/h3>        <div class=\"entry-excerpt\"><p>Pe\u0161i\u0107 Law was honored to be the only law firm from Serbia invited to speak at the prestigious Prague Gaming &#038; Tech Summit CEE 2025.<\/p>\n<\/div>\n    <\/div>\n<\/div>                        <\/div>\n                                                <div class=\"grid-item\">\n                            <div class=\"post-inner blog-grid\">\n    <div class=\"post-thumbnail\"><img decoding=\"async\" width=\"600\" height=\"600\" src=\"https:\/\/pesiclaw.com\/wp-content\/uploads\/2025\/02\/Pesic-Law-na-prvom-SiGMA-CIS-2022-\u2013-Beograd.webp\" class=\"attachment-large size-large wp-post-image\" alt=\"\" srcset=\"https:\/\/pesiclaw.com\/wp-content\/uploads\/2025\/02\/Pesic-Law-na-prvom-SiGMA-CIS-2022-\u2013-Beograd.webp 600w, https:\/\/pesiclaw.com\/wp-content\/uploads\/2025\/02\/Pesic-Law-na-prvom-SiGMA-CIS-2022-\u2013-Beograd-300x300.webp 300w, https:\/\/pesiclaw.com\/wp-content\/uploads\/2025\/02\/Pesic-Law-na-prvom-SiGMA-CIS-2022-\u2013-Beograd-150x150.webp 150w\" sizes=\"(max-width: 600px) 100vw, 600px\" \/><\/div>    <div class=\"post-content\">\n        <div class=\"entry-meta\">\n            <div class=\"entry-meta-inner\">\n                 <div class=\"categories-link\"><span class=\"screen-reader-text\">Categories<\/span><a href=\"https:\/\/pesiclaw.com\/en\/category\/news\/\" rel=\"category tag\">News<\/a><\/div> <div class=\"posted-on\"><a href=\"https:\/\/pesiclaw.com\/en\/estate-planning-for-small-business-owners\/\" rel=\"bookmark\"><time class=\"entry-date published\" datetime=\"2025-02-06T03:42:22+01:00\">06\/02\/2025<\/time><time class=\"updated\" datetime=\"2025-09-15T00:15:27+02:00\">15\/09\/2025<\/time><\/a><\/div>             <\/div>\n        <\/div>\n        <h3 class=\"omega entry-title\"><a href=\"https:\/\/pesiclaw.com\/en\/estate-planning-for-small-business-owners\/\" rel=\"bookmark\">Pe\u0161i\u0107 Law at the inaugural SiGMA CIS 2022 \u2013 Belgrade<\/a><\/h3>        <div class=\"entry-excerpt\"><p>Pe\u0161i\u0107 Law had the unique privilege of being the only Serbian law firm invited to actively participate in the first-ever SiGMA CIS.<\/p>\n<\/div>\n    <\/div>\n<\/div>                        <\/div>\n                                                    <\/div>\n                                        <\/div>\n        \t\t\t\t<\/div>\n\t\t\t\t<\/div>\n\t\t\t\t\t<\/div>\n\t\t\t\t<\/div>\n\t\t\t\t<\/div>\n\t\t","protected":false},"excerpt":{"rendered":"<p>CategoriesNovosti June 6, 2025July 28, 2025 Pe\u0161i\u0107 Law na Prague Gaming &amp; Tech Summit CEE 2025 Osniva\u010d kancelarije, Petar Pe\u0161i\u0107, govorio je na panelu \u201cPut kroz lavirint: iGaming uskla\u0111enost na Balkanu\u201d CategoriesNovosti February 6, 2025July 28, 2025 Pe\u0161i\u0107 Law na prvom SiGMA CIS 2022 \u2013 Beograd Jedina advokatska kancelarija iz Srbije na doga\u0111aju<\/p>\n","protected":false},"author":1,"featured_media":0,"parent":0,"menu_order":0,"comment_status":"closed","ping_status":"closed","template":"","meta":{"footnotes":""},"class_list":["post-6449","page","type-page","status-publish","hentry"],"_links":{"self":[{"href":"https:\/\/pesiclaw.com\/en\/wp-json\/wp\/v2\/pages\/6449","targetHints":{"allow":["GET"]}}],"collection":[{"href":"https:\/\/pesiclaw.com\/en\/wp-json\/wp\/v2\/pages"}],"about":[{"href":"https:\/\/pesiclaw.com\/en\/wp-json\/wp\/v2\/types\/page"}],"author":[{"embeddable":true,"href":"https:\/\/pesiclaw.com\/en\/wp-json\/wp\/v2\/users\/1"}],"replies":[{"embeddable":true,"href":"https:\/\/pesiclaw.com\/en\/wp-json\/wp\/v2\/comments?post=6449"}],"version-history":[{"count":2,"href":"https:\/\/pesiclaw.com\/en\/wp-json\/wp\/v2\/pages\/6449\/revisions"}],"predecessor-version":[{"id":6451,"href":"https:\/\/pesiclaw.com\/en\/wp-json\/wp\/v2\/pages\/6449\/revisions\/6451"}],"wp:attachment":[{"href":"https:\/\/pesiclaw.com\/en\/wp-json\/wp\/v2\/media?parent=6449"}],"curies":[{"name":"wp","href":"https:\/\/api.w.org\/{rel}","templated":true}]}}