{"id":6456,"date":"2025-02-13T02:19:40","date_gmt":"2025-02-13T01:19:40","guid":{"rendered":"https:\/\/pesiclaw.com\/usluge\/"},"modified":"2025-09-14T23:08:34","modified_gmt":"2025-09-14T21:08:34","slug":"services","status":"publish","type":"page","link":"https:\/\/pesiclaw.com\/en\/services\/","title":{"rendered":"Services"},"content":{"rendered":"\t\t<div data-elementor-type=\"wp-page\" data-elementor-id=\"6456\" class=\"elementor elementor-6456 elementor-1800\">\n\t\t\t\t<div class=\"elementor-element elementor-element-5c0299c e-flex e-con-boxed e-con e-parent\" data-id=\"5c0299c\" data-element_type=\"container\">\n\t\t\t\t\t<div class=\"e-con-inner\">\n\t\t<div class=\"elementor-element elementor-element-75014b7 e-con-full e-flex e-con e-child\" data-id=\"75014b7\" data-element_type=\"container\" data-settings=\"{&quot;sticky&quot;:&quot;top&quot;,&quot;sticky_on&quot;:[&quot;desktop&quot;,&quot;laptop&quot;,&quot;tablet_extra&quot;],&quot;sticky_parent&quot;:&quot;yes&quot;,&quot;sticky_offset&quot;:90,&quot;sticky_effects_offset&quot;:0}\">\n\t\t\t\t<div class=\"elementor-element elementor-element-f1d28fb elementor-swiper-button-next-vertical-top elementor-swiper-button-next-horizontal-left elementor-swiper-button-prev-vertical-top elementor-swiper-button-prev-horizontal-left animated-fast elementor-service-style-1 elementor-invisible elementor-widget elementor-widget-legalik-services-categories\" data-id=\"f1d28fb\" data-element_type=\"widget\" data-settings=\"{&quot;_animation&quot;:&quot;opal-move-up&quot;}\" data-widget_type=\"legalik-services-categories.default\">\n\t\t\t\t<div class=\"elementor-widget-container\">\n\t\t\t\t\t        <div class=\"elementor-service-wrapper\">\n            <div class=\"d-grid\">\n                                    <div class=\"grid-item service-item service-style-1\">\n                            <div class=\"service-inner service-style-inner\">\n        <div class=\"service-post-thumbnail\">\n            <img decoding=\"async\" src=\"https:\/\/pesiclaw.com\/wp-content\/uploads\/2025\/08\/data-protection.webp\" alt=\"\">        <\/div>\n        <div class=\"service-content\">\n            <div class=\"icon-wrap\"><img decoding=\"async\" class=\"service-icon\" src=\"https:\/\/pesiclaw.com\/wp-content\/uploads\/2025\/02\/prevention.svg\" alt=\"service icon\"><\/div>            <div class=\"service-content-top\">\n                <h4 class=\"delta service-title\"><a\n                            href=\"https:\/\/pesiclaw.com\/en\/category-services\/data-protection-privacy-gdpr\/\">Data protection &amp; privacy (GDPR)<\/a><\/h4>\n                <div class=\"description\">\n                    GDPR legal compliance in Serbia &amp; EU. Data privacy audits, policies, DPO support and breach response.                <\/div>\n            <\/div>\n            <div class=\"service-content-bottom\">\n                <a class=\"service-button button-link\" href=\"https:\/\/pesiclaw.com\/en\/category-services\/data-protection-privacy-gdpr\/\">\n                    <span>Learn More<\/span>\n                    <i class=\"legalik-icon-thin-arrow-right\"><\/i>\n                <\/a>\n            <\/div>\n        <\/div>\n    <\/div>\n\n\n                    <\/div>\n                                        <div class=\"grid-item service-item service-style-1\">\n                            <div class=\"service-inner service-style-inner\">\n        <div class=\"service-post-thumbnail\">\n            <img decoding=\"async\" src=\"https:\/\/pesiclaw.com\/wp-content\/uploads\/2025\/08\/igre-na-srecu-pravo.webp\" alt=\"\">        <\/div>\n        <div class=\"service-content\">\n            <div class=\"icon-wrap\"><img decoding=\"async\" class=\"service-icon\" src=\"https:\/\/pesiclaw.com\/wp-content\/uploads\/2025\/02\/bank.svg\" alt=\"service icon\"><\/div>            <div class=\"service-content-top\">\n                <h4 class=\"delta service-title\"><a\n                            href=\"https:\/\/pesiclaw.com\/en\/category-services\/igaming-law\/\">iGaming LAW<\/a><\/h4>\n                <div class=\"description\">\n                    Gambling law experts in Serbia. Licensing, online compliance, AML, and legal advice for gaming businesses.                <\/div>\n            <\/div>\n            <div class=\"service-content-bottom\">\n                <a class=\"service-button button-link\" href=\"https:\/\/pesiclaw.com\/en\/category-services\/igaming-law\/\">\n                    <span>Learn More<\/span>\n                    <i class=\"legalik-icon-thin-arrow-right\"><\/i>\n                <\/a>\n            <\/div>\n        <\/div>\n    <\/div>\n\n\n                    <\/div>\n                                        <div class=\"grid-item service-item service-style-1\">\n                            <div class=\"service-inner service-style-inner\">\n        <div class=\"service-post-thumbnail\">\n            <img decoding=\"async\" src=\"https:\/\/pesiclaw.com\/wp-content\/uploads\/2025\/08\/poresko-pravo.webp\" alt=\"\">        <\/div>\n        <div class=\"service-content\">\n            <div class=\"icon-wrap\"><img decoding=\"async\" class=\"service-icon\" src=\"https:\/\/pesiclaw.com\/wp-content\/uploads\/2025\/02\/bank.svg\" alt=\"service icon\"><\/div>            <div class=\"service-content-top\">\n                <h4 class=\"delta service-title\"><a\n                            href=\"https:\/\/pesiclaw.com\/en\/category-services\/tax-law\/\">Tax law<\/a><\/h4>\n                <div class=\"description\">\n                    Tax law firm in Serbia. Strategic tax planning, optimization, cross-border compliance, audits and litigation.                <\/div>\n            <\/div>\n            <div class=\"service-content-bottom\">\n                <a class=\"service-button button-link\" href=\"https:\/\/pesiclaw.com\/en\/category-services\/tax-law\/\">\n                    <span>Learn More<\/span>\n                    <i class=\"legalik-icon-thin-arrow-right\"><\/i>\n                <\/a>\n            <\/div>\n        <\/div>\n    <\/div>\n\n\n                    <\/div>\n                                        <div class=\"grid-item service-item service-style-1\">\n                            <div class=\"service-inner service-style-inner\">\n        <div class=\"service-post-thumbnail\">\n            <img decoding=\"async\" src=\"https:\/\/pesiclaw.com\/wp-content\/uploads\/2025\/08\/sportsko-pravo.webp\" alt=\"\">        <\/div>\n        <div class=\"service-content\">\n            <div class=\"icon-wrap\"><img decoding=\"async\" class=\"service-icon\" src=\"https:\/\/pesiclaw.com\/wp-content\/uploads\/2025\/02\/law.svg\" alt=\"service icon\"><\/div>            <div class=\"service-content-top\">\n                <h4 class=\"delta service-title\"><a\n                            href=\"https:\/\/pesiclaw.com\/en\/category-services\/sports-law\/\">Sports law<\/a><\/h4>\n                <div class=\"description\">\n                    Legal services for athletes, clubs, agents. Sports contract law, image rights, CAS arbitration and compliance.                <\/div>\n            <\/div>\n            <div class=\"service-content-bottom\">\n                <a class=\"service-button button-link\" href=\"https:\/\/pesiclaw.com\/en\/category-services\/sports-law\/\">\n                    <span>Learn More<\/span>\n                    <i class=\"legalik-icon-thin-arrow-right\"><\/i>\n                <\/a>\n            <\/div>\n        <\/div>\n    <\/div>\n\n\n                    <\/div>\n                                        <div class=\"grid-item service-item service-style-1\">\n                            <div class=\"service-inner service-style-inner\">\n        <div class=\"service-post-thumbnail\">\n            <img decoding=\"async\" src=\"https:\/\/pesiclaw.com\/wp-content\/uploads\/2025\/08\/crypto-pravo.webp\" alt=\"\">        <\/div>\n        <div class=\"service-content\">\n            <div class=\"icon-wrap\"><img decoding=\"async\" class=\"service-icon\" src=\"https:\/\/demo2wpopal.b-cdn.net\/legalik\/wp-content\/uploads\/2025\/02\/bank.svg\" alt=\"service icon\"><\/div>            <div class=\"service-content-top\">\n                <h4 class=\"delta service-title\"><a\n                            href=\"https:\/\/pesiclaw.com\/en\/category-services\/crypto-virtual-assets-regulation\/\">Crypto &amp; virtual assets regulation<\/a><\/h4>\n                <div class=\"description\">\n                    Crypto law experts. Licensing, token regulation, AML compliance, and legal support for blockchain startups.                <\/div>\n            <\/div>\n            <div class=\"service-content-bottom\">\n                <a class=\"service-button button-link\" href=\"https:\/\/pesiclaw.com\/en\/category-services\/crypto-virtual-assets-regulation\/\">\n                    <span>Learn More<\/span>\n                    <i class=\"legalik-icon-thin-arrow-right\"><\/i>\n                <\/a>\n            <\/div>\n        <\/div>\n    <\/div>\n\n\n                    <\/div>\n                                        <div class=\"grid-item service-item service-style-1\">\n                            <div class=\"service-inner service-style-inner\">\n        <div class=\"service-post-thumbnail\">\n            <img decoding=\"async\" src=\"https:\/\/pesiclaw.com\/wp-content\/uploads\/2025\/08\/ai-pravo.webp\" alt=\"\">        <\/div>\n        <div class=\"service-content\">\n            <div class=\"icon-wrap\"><img decoding=\"async\" class=\"service-icon\" src=\"https:\/\/pesiclaw.com\/wp-content\/uploads\/2025\/02\/prevention.svg\" alt=\"service icon\"><\/div>            <div class=\"service-content-top\">\n                <h4 class=\"delta service-title\"><a\n                            href=\"https:\/\/pesiclaw.com\/en\/category-services\/it-ai-law\/\">IT &amp; AI law<\/a><\/h4>\n                <div class=\"description\">\n                    IT &amp; AI legal services for tech companies. Software licensing, AI compliance, EU regulations, and innovation law.                <\/div>\n            <\/div>\n            <div class=\"service-content-bottom\">\n                <a class=\"service-button button-link\" href=\"https:\/\/pesiclaw.com\/en\/category-services\/it-ai-law\/\">\n                    <span>Learn More<\/span>\n                    <i class=\"legalik-icon-thin-arrow-right\"><\/i>\n                <\/a>\n            <\/div>\n        <\/div>\n    <\/div>\n\n\n                    <\/div>\n                                        <div class=\"grid-item service-item service-style-1\">\n                            <div class=\"service-inner service-style-inner\">\n        <div class=\"service-post-thumbnail\">\n            <img decoding=\"async\" src=\"https:\/\/demo2wpopal.b-cdn.net\/legalik\/wp-content\/uploads\/2025\/02\/service_1.jpg\" alt=\"\">        <\/div>\n        <div class=\"service-content\">\n            <div class=\"icon-wrap\"><img decoding=\"async\" class=\"service-icon\" src=\"https:\/\/demo2wpopal.b-cdn.net\/legalik\/wp-content\/uploads\/2025\/02\/briefcase.svg\" alt=\"service icon\"><\/div>            <div class=\"service-content-top\">\n                <h4 class=\"delta service-title\"><a\n                            href=\"https:\/\/pesiclaw.com\/en\/category-services\/contract-law\/\">Contract law<\/a><\/h4>\n                <div class=\"description\">\n                    Contract law experts drafting &amp; negotiating commercial agreements. Reliable legal services for national &amp; international contracts.\r\nContract law experts drafting &amp; negotiating commercial agreements                <\/div>\n            <\/div>\n            <div class=\"service-content-bottom\">\n                <a class=\"service-button button-link\" href=\"https:\/\/pesiclaw.com\/en\/category-services\/contract-law\/\">\n                    <span>Learn More<\/span>\n                    <i class=\"legalik-icon-thin-arrow-right\"><\/i>\n                <\/a>\n            <\/div>\n        <\/div>\n    <\/div>\n\n\n                    <\/div>\n                                        <div class=\"grid-item service-item service-style-1\">\n                            <div class=\"service-inner service-style-inner\">\n        <div class=\"service-post-thumbnail\">\n            <img decoding=\"async\" src=\"https:\/\/pesiclaw.com\/wp-content\/uploads\/2025\/08\/ip-pravo.webp\" alt=\"\">        <\/div>\n        <div class=\"service-content\">\n            <div class=\"icon-wrap\"><img decoding=\"async\" class=\"service-icon\" src=\"https:\/\/demo2wpopal.b-cdn.net\/legalik\/wp-content\/uploads\/2025\/02\/police.svg\" alt=\"service icon\"><\/div>            <div class=\"service-content-top\">\n                <h4 class=\"delta service-title\"><a\n                            href=\"https:\/\/pesiclaw.com\/en\/category-services\/intellectual-property-law\/\">Intellectual property law<\/a><\/h4>\n                <div class=\"description\">\n                    IP law firm for trademark, copyright, patent protection. Legal support for innovation and brand protection in Serbia &amp; EU.                <\/div>\n            <\/div>\n            <div class=\"service-content-bottom\">\n                <a class=\"service-button button-link\" href=\"https:\/\/pesiclaw.com\/en\/category-services\/intellectual-property-law\/\">\n                    <span>Learn More<\/span>\n                    <i class=\"legalik-icon-thin-arrow-right\"><\/i>\n                <\/a>\n            <\/div>\n        <\/div>\n    <\/div>\n\n\n                    <\/div>\n                                        <div class=\"grid-item service-item service-style-1\">\n                            <div class=\"service-inner service-style-inner\">\n        <div class=\"service-post-thumbnail\">\n            <img decoding=\"async\" src=\"https:\/\/demo2wpopal.b-cdn.net\/legalik\/wp-content\/uploads\/2025\/02\/service_6.jpg\" alt=\"\">        <\/div>\n        <div class=\"service-content\">\n            <div class=\"icon-wrap\"><img decoding=\"async\" class=\"service-icon\" src=\"https:\/\/demo2wpopal.b-cdn.net\/legalik\/wp-content\/uploads\/2025\/02\/law.svg\" alt=\"service icon\"><\/div>            <div class=\"service-content-top\">\n                <h4 class=\"delta service-title\"><a\n                            href=\"https:\/\/pesiclaw.com\/en\/category-services\/corporate-company-law\/\">Corporate &amp; company law<\/a><\/h4>\n                <div class=\"description\">\n                    Expert corporate law firm in Serbia &amp; Balkans. M&amp;A, company structuring, shareholder agreements, cross-border business advisory.                <\/div>\n            <\/div>\n            <div class=\"service-content-bottom\">\n                <a class=\"service-button button-link\" href=\"https:\/\/pesiclaw.com\/en\/category-services\/corporate-company-law\/\">\n                    <span>Learn More<\/span>\n                    <i class=\"legalik-icon-thin-arrow-right\"><\/i>\n                <\/a>\n            <\/div>\n        <\/div>\n    <\/div>\n\n\n                    <\/div>\n                                <\/div>\n\n        <\/div>\n                \t\t\t\t<\/div>\n\t\t\t\t<\/div>\n\t\t\t\t<\/div>\n\t\t\t\t\t<\/div>\n\t\t\t\t<\/div>\n\t\t\t\t<\/div>\n\t\t","protected":false},"excerpt":{"rendered":"<p>Ugovorno pravo Izra\u0111ujemo, analiziramo i pregovaramo pravno pouzdane komercijalne ugovore prilago\u0111ene va\u0161em poslovanju. Learn More Pravo intelektualne svojine Va\u0161a intelektualna svojina je va\u0161a konkurentska prednost. Poma\u017eemo vam da registrujete, za\u0161titite, sprovedete i komercijalizujete svoja prava intelektualne svojine. Learn More Regulativa kriptovaluta I digitalne imovine Savetujemo kripto firme, fintech startape i investitore o pravnoj uskla\u0111enosti u [&hellip;]<\/p>\n","protected":false},"author":1,"featured_media":0,"parent":0,"menu_order":0,"comment_status":"closed","ping_status":"closed","template":"template-homepage.php","meta":{"footnotes":""},"class_list":["post-6456","page","type-page","status-publish","hentry"],"_links":{"self":[{"href":"https:\/\/pesiclaw.com\/en\/wp-json\/wp\/v2\/pages\/6456","targetHints":{"allow":["GET"]}}],"collection":[{"href":"https:\/\/pesiclaw.com\/en\/wp-json\/wp\/v2\/pages"}],"about":[{"href":"https:\/\/pesiclaw.com\/en\/wp-json\/wp\/v2\/types\/page"}],"author":[{"embeddable":true,"href":"https:\/\/pesiclaw.com\/en\/wp-json\/wp\/v2\/users\/1"}],"replies":[{"embeddable":true,"href":"https:\/\/pesiclaw.com\/en\/wp-json\/wp\/v2\/comments?post=6456"}],"version-history":[{"count":2,"href":"https:\/\/pesiclaw.com\/en\/wp-json\/wp\/v2\/pages\/6456\/revisions"}],"predecessor-version":[{"id":6458,"href":"https:\/\/pesiclaw.com\/en\/wp-json\/wp\/v2\/pages\/6456\/revisions\/6458"}],"wp:attachment":[{"href":"https:\/\/pesiclaw.com\/en\/wp-json\/wp\/v2\/media?parent=6456"}],"curies":[{"name":"wp","href":"https:\/\/api.w.org\/{rel}","templated":true}]}}