{"id":6485,"date":"2025-02-10T01:57:12","date_gmt":"2025-02-10T00:57:12","guid":{"rendered":"https:\/\/pesiclaw.com\/ibex-podcast\/"},"modified":"2025-09-14T23:19:40","modified_gmt":"2025-09-14T21:19:40","slug":"ibex-podcast","status":"publish","type":"page","link":"https:\/\/pesiclaw.com\/en\/ibex-podcast\/","title":{"rendered":"Ibex podcast"},"content":{"rendered":"\t\t<div data-elementor-type=\"wp-page\" data-elementor-id=\"6485\" class=\"elementor elementor-6485 elementor-55\">\n\t\t\t\t<div class=\"elementor-element elementor-element-0fe9cf1 e-flex e-con-boxed e-con e-parent\" data-id=\"0fe9cf1\" data-element_type=\"container\" data-settings=\"{&quot;background_background&quot;:&quot;classic&quot;}\">\n\t\t\t\t\t<div class=\"e-con-inner\">\n\t\t<div class=\"elementor-element elementor-element-1ee3749 e-con-full e-flex e-con e-child\" data-id=\"1ee3749\" data-element_type=\"container\">\n\t\t<div class=\"elementor-element elementor-element-6e0e2af e-con-full e-flex e-con e-child\" data-id=\"6e0e2af\" data-element_type=\"container\">\n\t\t\t\t<div class=\"elementor-element elementor-element-cd9a889 elementor-widget elementor-widget-heading\" data-id=\"cd9a889\" data-element_type=\"widget\" data-widget_type=\"heading.default\">\n\t\t\t\t\t<h2 class=\"elementor-heading-title elementor-size-default\">Ibex Podcast<\/h2>\t\t\t\t<\/div>\n\t\t\t\t<div class=\"elementor-element elementor-element-1776c66 elementor-icon-list--layout-traditional elementor-list-item-link-full_width elementor-widget elementor-widget-icon-list\" data-id=\"1776c66\" data-element_type=\"widget\" data-widget_type=\"icon-list.default\">\n\t\t\t\t\t\t\t<ul class=\"elementor-icon-list-items\">\n\t\t\t\t\t\t\t<li class=\"elementor-icon-list-item\">\n\t\t\t\t\t\t\t\t\t\t\t<a href=\"mailto:ibexpodcast@gmail.com\">\n\n\t\t\t\t\t\t\t\t\t\t\t\t<span class=\"elementor-icon-list-icon\">\n\t\t\t\t\t\t\t<svg aria-hidden=\"true\" class=\"e-font-icon-svg e-far-envelope\" viewBox=\"0 0 512 512\" xmlns=\"http:\/\/www.w3.org\/2000\/svg\"><path d=\"M464 64H48C21.49 64 0 85.49 0 112v288c0 26.51 21.49 48 48 48h416c26.51 0 48-21.49 48-48V112c0-26.51-21.49-48-48-48zm0 48v40.805c-22.422 18.259-58.168 46.651-134.587 106.49-16.841 13.247-50.201 45.072-73.413 44.701-23.208.375-56.579-31.459-73.413-44.701C106.18 199.465 70.425 171.067 48 152.805V112h416zM48 400V214.398c22.914 18.251 55.409 43.862 104.938 82.646 21.857 17.205 60.134 55.186 103.062 54.955 42.717.231 80.509-37.199 103.053-54.947 49.528-38.783 82.032-64.401 104.947-82.653V400H48z\"><\/path><\/svg>\t\t\t\t\t\t<\/span>\n\t\t\t\t\t\t\t\t\t\t<span class=\"elementor-icon-list-text\">ibexpodcast@gmail.com<\/span>\n\t\t\t\t\t\t\t\t\t\t\t<\/a>\n\t\t\t\t\t\t\t\t\t<\/li>\n\t\t\t\t\t\t<\/ul>\n\t\t\t\t\t\t<\/div>\n\t\t\t\t<div class=\"elementor-element elementor-element-f0c3265 e-grid-align-left elementor-shape-rounded elementor-grid-0 elementor-widget elementor-widget-social-icons\" data-id=\"f0c3265\" data-element_type=\"widget\" data-widget_type=\"social-icons.default\">\n\t\t\t\t\t\t\t<div class=\"elementor-social-icons-wrapper elementor-grid\" role=\"list\">\n\t\t\t\t\t\t\t<span class=\"elementor-grid-item\" role=\"listitem\">\n\t\t\t\t\t<a class=\"elementor-icon elementor-social-icon elementor-social-icon-youtube elementor-animation-shrink elementor-repeater-item-8b64b8d\" href=\"https:\/\/www.youtube.com\/@ibexpodcast\" target=\"_blank\">\n\t\t\t\t\t\t<span class=\"elementor-screen-only\">Youtube<\/span>\n\t\t\t\t\t\t<svg aria-hidden=\"true\" class=\"e-font-icon-svg e-fab-youtube\" viewBox=\"0 0 576 512\" xmlns=\"http:\/\/www.w3.org\/2000\/svg\"><path d=\"M549.655 124.083c-6.281-23.65-24.787-42.276-48.284-48.597C458.781 64 288 64 288 64S117.22 64 74.629 75.486c-23.497 6.322-42.003 24.947-48.284 48.597-11.412 42.867-11.412 132.305-11.412 132.305s0 89.438 11.412 132.305c6.281 23.65 24.787 41.5 48.284 47.821C117.22 448 288 448 288 448s170.78 0 213.371-11.486c23.497-6.321 42.003-24.171 48.284-47.821 11.412-42.867 11.412-132.305 11.412-132.305s0-89.438-11.412-132.305zm-317.51 213.508V175.185l142.739 81.205-142.739 81.201z\"><\/path><\/svg>\t\t\t\t\t<\/a>\n\t\t\t\t<\/span>\n\t\t\t\t\t\t\t<span class=\"elementor-grid-item\" role=\"listitem\">\n\t\t\t\t\t<a class=\"elementor-icon elementor-social-icon elementor-social-icon-podcast elementor-animation-shrink elementor-repeater-item-4a1a6be\" href=\"https:\/\/podcasts.apple.com\/rs\/podcast\/ibex-podcast\/id1602003535\" target=\"_blank\">\n\t\t\t\t\t\t<span class=\"elementor-screen-only\">Podcast<\/span>\n\t\t\t\t\t\t<svg aria-hidden=\"true\" class=\"e-font-icon-svg e-fas-podcast\" viewBox=\"0 0 448 512\" xmlns=\"http:\/\/www.w3.org\/2000\/svg\"><path d=\"M267.429 488.563C262.286 507.573 242.858 512 224 512c-18.857 0-38.286-4.427-43.428-23.437C172.927 460.134 160 388.898 160 355.75c0-35.156 31.142-43.75 64-43.75s64 8.594 64 43.75c0 32.949-12.871 104.179-20.571 132.813zM156.867 288.554c-18.693-18.308-29.958-44.173-28.784-72.599 2.054-49.724 42.395-89.956 92.124-91.881C274.862 121.958 320 165.807 320 220c0 26.827-11.064 51.116-28.866 68.552-2.675 2.62-2.401 6.986.628 9.187 9.312 6.765 16.46 15.343 21.234 25.363 1.741 3.654 6.497 4.66 9.449 1.891 28.826-27.043 46.553-65.783 45.511-108.565-1.855-76.206-63.595-138.208-139.793-140.369C146.869 73.753 80 139.215 80 220c0 41.361 17.532 78.7 45.55 104.989 2.953 2.771 7.711 1.77 9.453-1.887 4.774-10.021 11.923-18.598 21.235-25.363 3.029-2.2 3.304-6.566.629-9.185zM224 0C100.204 0 0 100.185 0 224c0 89.992 52.602 165.647 125.739 201.408 4.333 2.118 9.267-1.544 8.535-6.31-2.382-15.512-4.342-30.946-5.406-44.339-.146-1.836-1.149-3.486-2.678-4.512-47.4-31.806-78.564-86.016-78.187-147.347.592-96.237 79.29-174.648 175.529-174.899C320.793 47.747 400 126.797 400 224c0 61.932-32.158 116.49-80.65 147.867-.999 14.037-3.069 30.588-5.624 47.23-.732 4.767 4.203 8.429 8.535 6.31C395.227 389.727 448 314.187 448 224 448 100.205 347.815 0 224 0zm0 160c-35.346 0-64 28.654-64 64s28.654 64 64 64 64-28.654 64-64-28.654-64-64-64z\"><\/path><\/svg>\t\t\t\t\t<\/a>\n\t\t\t\t<\/span>\n\t\t\t\t\t\t\t<span class=\"elementor-grid-item\" role=\"listitem\">\n\t\t\t\t\t<a class=\"elementor-icon elementor-social-icon elementor-social-icon-spotify elementor-animation-shrink elementor-repeater-item-49b1c7b\" href=\"https:\/\/open.spotify.com\/show\/6NbwvxR2HMehTJ2l0fYkEf?si=1b2311815217475a\" target=\"_blank\">\n\t\t\t\t\t\t<span class=\"elementor-screen-only\">Spotify<\/span>\n\t\t\t\t\t\t<svg aria-hidden=\"true\" class=\"e-font-icon-svg e-fab-spotify\" viewBox=\"0 0 496 512\" xmlns=\"http:\/\/www.w3.org\/2000\/svg\"><path d=\"M248 8C111.1 8 0 119.1 0 256s111.1 248 248 248 248-111.1 248-248S384.9 8 248 8zm100.7 364.9c-4.2 0-6.8-1.3-10.7-3.6-62.4-37.6-135-39.2-206.7-24.5-3.9 1-9 2.6-11.9 2.6-9.7 0-15.8-7.7-15.8-15.8 0-10.3 6.1-15.2 13.6-16.8 81.9-18.1 165.6-16.5 237 26.2 6.1 3.9 9.7 7.4 9.7 16.5s-7.1 15.4-15.2 15.4zm26.9-65.6c-5.2 0-8.7-2.3-12.3-4.2-62.5-37-155.7-51.9-238.6-29.4-4.8 1.3-7.4 2.6-11.9 2.6-10.7 0-19.4-8.7-19.4-19.4s5.2-17.8 15.5-20.7c27.8-7.8 56.2-13.6 97.8-13.6 64.9 0 127.6 16.1 177 45.5 8.1 4.8 11.3 11 11.3 19.7-.1 10.8-8.5 19.5-19.4 19.5zm31-76.2c-5.2 0-8.4-1.3-12.9-3.9-71.2-42.5-198.5-52.7-280.9-29.7-3.6 1-8.1 2.6-12.9 2.6-13.2 0-23.3-10.3-23.3-23.6 0-13.6 8.4-21.3 17.4-23.9 35.2-10.3 74.6-15.2 117.5-15.2 73 0 149.5 15.2 205.4 47.8 7.8 4.5 12.9 10.7 12.9 22.6 0 13.6-11 23.3-23.2 23.3z\"><\/path><\/svg>\t\t\t\t\t<\/a>\n\t\t\t\t<\/span>\n\t\t\t\t\t\t\t<span class=\"elementor-grid-item\" role=\"listitem\">\n\t\t\t\t\t<a class=\"elementor-icon elementor-social-icon elementor-social-icon-instagram elementor-animation-shrink elementor-repeater-item-aa56358\" href=\"https:\/\/www.instagram.com\/ibex_podcast\/\" target=\"_blank\">\n\t\t\t\t\t\t<span class=\"elementor-screen-only\">Instagram<\/span>\n\t\t\t\t\t\t<svg aria-hidden=\"true\" class=\"e-font-icon-svg e-fab-instagram\" viewBox=\"0 0 448 512\" xmlns=\"http:\/\/www.w3.org\/2000\/svg\"><path d=\"M224.1 141c-63.6 0-114.9 51.3-114.9 114.9s51.3 114.9 114.9 114.9S339 319.5 339 255.9 287.7 141 224.1 141zm0 189.6c-41.1 0-74.7-33.5-74.7-74.7s33.5-74.7 74.7-74.7 74.7 33.5 74.7 74.7-33.6 74.7-74.7 74.7zm146.4-194.3c0 14.9-12 26.8-26.8 26.8-14.9 0-26.8-12-26.8-26.8s12-26.8 26.8-26.8 26.8 12 26.8 26.8zm76.1 27.2c-1.7-35.9-9.9-67.7-36.2-93.9-26.2-26.2-58-34.4-93.9-36.2-37-2.1-147.9-2.1-184.9 0-35.8 1.7-67.6 9.9-93.9 36.1s-34.4 58-36.2 93.9c-2.1 37-2.1 147.9 0 184.9 1.7 35.9 9.9 67.7 36.2 93.9s58 34.4 93.9 36.2c37 2.1 147.9 2.1 184.9 0 35.9-1.7 67.7-9.9 93.9-36.2 26.2-26.2 34.4-58 36.2-93.9 2.1-37 2.1-147.8 0-184.8zM398.8 388c-7.8 19.6-22.9 34.7-42.6 42.6-29.5 11.7-99.5 9-132.1 9s-102.7 2.6-132.1-9c-19.6-7.8-34.7-22.9-42.6-42.6-11.7-29.5-9-99.5-9-132.1s-2.6-102.7 9-132.1c7.8-19.6 22.9-34.7 42.6-42.6 29.5-11.7 99.5-9 132.1-9s102.7-2.6 132.1 9c19.6 7.8 34.7 22.9 42.6 42.6 11.7 29.5 9 99.5 9 132.1s2.7 102.7-9 132.1z\"><\/path><\/svg>\t\t\t\t\t<\/a>\n\t\t\t\t<\/span>\n\t\t\t\t\t\t\t<span class=\"elementor-grid-item\" role=\"listitem\">\n\t\t\t\t\t<a class=\"elementor-icon elementor-social-icon elementor-social-icon-tiktok elementor-animation-shrink elementor-repeater-item-673ed09\" href=\"https:\/\/www.tiktok.com\/@ibex_podcast\" target=\"_blank\">\n\t\t\t\t\t\t<span class=\"elementor-screen-only\">Tiktok<\/span>\n\t\t\t\t\t\t<svg aria-hidden=\"true\" class=\"e-font-icon-svg e-fab-tiktok\" viewBox=\"0 0 448 512\" xmlns=\"http:\/\/www.w3.org\/2000\/svg\"><path d=\"M448,209.91a210.06,210.06,0,0,1-122.77-39.25V349.38A162.55,162.55,0,1,1,185,188.31V278.2a74.62,74.62,0,1,0,52.23,71.18V0l88,0a121.18,121.18,0,0,0,1.86,22.17h0A122.18,122.18,0,0,0,381,102.39a121.43,121.43,0,0,0,67,20.14Z\"><\/path><\/svg>\t\t\t\t\t<\/a>\n\t\t\t\t<\/span>\n\t\t\t\t\t\t\t<span class=\"elementor-grid-item\" role=\"listitem\">\n\t\t\t\t\t<a class=\"elementor-icon elementor-social-icon elementor-social-icon-paypal elementor-animation-shrink elementor-repeater-item-8bd211a\" href=\"https:\/\/www.paypal.com\/paypalme\/ibexpodcast?country.x=RS&#038;locale.x=en_US\" target=\"_blank\">\n\t\t\t\t\t\t<span class=\"elementor-screen-only\">Paypal<\/span>\n\t\t\t\t\t\t<svg aria-hidden=\"true\" class=\"e-font-icon-svg e-fab-paypal\" viewBox=\"0 0 384 512\" xmlns=\"http:\/\/www.w3.org\/2000\/svg\"><path d=\"M111.4 295.9c-3.5 19.2-17.4 108.7-21.5 134-.3 1.8-1 2.5-3 2.5H12.3c-7.6 0-13.1-6.6-12.1-13.9L58.8 46.6c1.5-9.6 10.1-16.9 20-16.9 152.3 0 165.1-3.7 204 11.4 60.1 23.3 65.6 79.5 44 140.3-21.5 62.6-72.5 89.5-140.1 90.3-43.4.7-69.5-7-75.3 24.2zM357.1 152c-1.8-1.3-2.5-1.8-3 1.3-2 11.4-5.1 22.5-8.8 33.6-39.9 113.8-150.5 103.9-204.5 103.9-6.1 0-10.1 3.3-10.9 9.4-22.6 140.4-27.1 169.7-27.1 169.7-1 7.1 3.5 12.9 10.6 12.9h63.5c8.6 0 15.7-6.3 17.4-14.9.7-5.4-1.1 6.1 14.4-91.3 4.6-22 14.3-19.7 29.3-19.7 71 0 126.4-28.8 142.9-112.3 6.5-34.8 4.6-71.4-23.8-92.6z\"><\/path><\/svg>\t\t\t\t\t<\/a>\n\t\t\t\t<\/span>\n\t\t\t\t\t\t\t<span class=\"elementor-grid-item\" role=\"listitem\">\n\t\t\t\t\t<a class=\"elementor-icon elementor-social-icon elementor-social-icon-link elementor-animation-shrink elementor-repeater-item-aec2482\" href=\"https:\/\/podcast.rs\/show\/ibex-podcast\/\" target=\"_blank\">\n\t\t\t\t\t\t<span class=\"elementor-screen-only\">Link<\/span>\n\t\t\t\t\t\t<svg aria-hidden=\"true\" class=\"e-font-icon-svg e-fas-link\" viewBox=\"0 0 512 512\" xmlns=\"http:\/\/www.w3.org\/2000\/svg\"><path d=\"M326.612 185.391c59.747 59.809 58.927 155.698.36 214.59-.11.12-.24.25-.36.37l-67.2 67.2c-59.27 59.27-155.699 59.262-214.96 0-59.27-59.26-59.27-155.7 0-214.96l37.106-37.106c9.84-9.84 26.786-3.3 27.294 10.606.648 17.722 3.826 35.527 9.69 52.721 1.986 5.822.567 12.262-3.783 16.612l-13.087 13.087c-28.026 28.026-28.905 73.66-1.155 101.96 28.024 28.579 74.086 28.749 102.325.51l67.2-67.19c28.191-28.191 28.073-73.757 0-101.83-3.701-3.694-7.429-6.564-10.341-8.569a16.037 16.037 0 0 1-6.947-12.606c-.396-10.567 3.348-21.456 11.698-29.806l21.054-21.055c5.521-5.521 14.182-6.199 20.584-1.731a152.482 152.482 0 0 1 20.522 17.197zM467.547 44.449c-59.261-59.262-155.69-59.27-214.96 0l-67.2 67.2c-.12.12-.25.25-.36.37-58.566 58.892-59.387 154.781.36 214.59a152.454 152.454 0 0 0 20.521 17.196c6.402 4.468 15.064 3.789 20.584-1.731l21.054-21.055c8.35-8.35 12.094-19.239 11.698-29.806a16.037 16.037 0 0 0-6.947-12.606c-2.912-2.005-6.64-4.875-10.341-8.569-28.073-28.073-28.191-73.639 0-101.83l67.2-67.19c28.239-28.239 74.3-28.069 102.325.51 27.75 28.3 26.872 73.934-1.155 101.96l-13.087 13.087c-4.35 4.35-5.769 10.79-3.783 16.612 5.864 17.194 9.042 34.999 9.69 52.721.509 13.906 17.454 20.446 27.294 10.606l37.106-37.106c59.271-59.259 59.271-155.699.001-214.959z\"><\/path><\/svg>\t\t\t\t\t<\/a>\n\t\t\t\t<\/span>\n\t\t\t\t\t<\/div>\n\t\t\t\t\t\t<\/div>\n\t\t\t\t<div class=\"elementor-element elementor-element-f28ce22 elementor-widget-divider--view-line elementor-widget elementor-widget-divider\" data-id=\"f28ce22\" data-element_type=\"widget\" data-widget_type=\"divider.default\">\n\t\t\t\t\t\t\t<div class=\"elementor-divider\">\n\t\t\t<span class=\"elementor-divider-separator\">\n\t\t\t\t\t\t<\/span>\n\t\t<\/div>\n\t\t\t\t\t\t<\/div>\n\t\t\t\t<div class=\"elementor-element elementor-element-2cef345 elementor-widget elementor-widget-text-editor\" data-id=\"2cef345\" data-element_type=\"widget\" data-widget_type=\"text-editor.default\">\n\t\t\t\t\t\t\t\t\tIbex is a podcast for those looking for a profession, career development, and personal growth. Whether you&#8217;re at the beginning of your career or already have professional experience, these are questions that can plague us all.\t\t\t\t\t\t\t\t<\/div>\n\t\t\t\t<\/div>\n\t\t<div class=\"elementor-element elementor-element-e26a0c7 e-con-full e-flex e-con e-child\" data-id=\"e26a0c7\" data-element_type=\"container\">\n\t\t\t\t<div class=\"elementor-element elementor-element-4cb6cd0 elementor-widget elementor-widget-image\" data-id=\"4cb6cd0\" data-element_type=\"widget\" data-widget_type=\"image.default\">\n\t\t\t\t\t\t\t\t\t\t\t\t\t\t\t<img fetchpriority=\"high\" decoding=\"async\" width=\"500\" height=\"500\" src=\"https:\/\/pesiclaw.com\/wp-content\/uploads\/2025\/08\/ibex-podcast-square_big.png.webp\" class=\"attachment-full size-full wp-image-6452\" alt=\"\" srcset=\"https:\/\/pesiclaw.com\/wp-content\/uploads\/2025\/08\/ibex-podcast-square_big.png.webp 500w, https:\/\/pesiclaw.com\/wp-content\/uploads\/2025\/08\/ibex-podcast-square_big.png-300x300.webp 300w, https:\/\/pesiclaw.com\/wp-content\/uploads\/2025\/08\/ibex-podcast-square_big.png-150x150.webp 150w\" sizes=\"(max-width: 500px) 100vw, 500px\" \/>\t\t\t\t\t\t\t\t\t\t\t\t\t\t\t<\/div>\n\t\t\t\t<\/div>\n\t\t\t\t<\/div>\n\t\t\t\t\t<\/div>\n\t\t\t\t<\/div>\n\t\t<div class=\"elementor-element elementor-element-ba682d5 e-flex e-con-boxed e-con e-parent\" data-id=\"ba682d5\" data-element_type=\"container\">\n\t\t\t\t\t<div class=\"e-con-inner\">\n\t\t\t\t<div class=\"elementor-element elementor-element-c8e606e elementor-widget elementor-widget-legalik-post-grid\" data-id=\"c8e606e\" data-element_type=\"widget\" data-widget_type=\"legalik-post-grid.default\">\n\t\t\t\t<div class=\"elementor-widget-container\">\n\t\t\t\t\t        <div class=\"elementor-post-wrapper elementor-post-list\">\n            <div class=\"d-grid\">\n                                                        <div class=\"grid-item\">\n                            <article id=\"post-6413\" class=\"article-default post-6413 post type-post status-publish format-standard has-post-thumbnail hentry category-podcast\">\n    <div class=\"post-inner blog-list\">\n        <div class=\"post-content\">\n                            <div class=\"post-left\">\n                    <div class=\"post-thumbnail\"><img decoding=\"async\" width=\"900\" height=\"506\" src=\"https:\/\/pesiclaw.com\/wp-content\/uploads\/2025\/02\/olivera-ibex-1024x576.jpg\" class=\"attachment-large size-large wp-post-image\" alt=\"\" srcset=\"https:\/\/pesiclaw.com\/wp-content\/uploads\/2025\/02\/olivera-ibex-1024x576.jpg 1024w, https:\/\/pesiclaw.com\/wp-content\/uploads\/2025\/02\/olivera-ibex-300x169.jpg 300w, https:\/\/pesiclaw.com\/wp-content\/uploads\/2025\/02\/olivera-ibex-768x432.jpg 768w, https:\/\/pesiclaw.com\/wp-content\/uploads\/2025\/02\/olivera-ibex.jpg 1280w\" sizes=\"(max-width: 900px) 100vw, 900px\" \/><\/div>                <\/div>\n                        <div class=\"post-right\">\n                <div class=\"entry-meta\">\n                    <div class=\"entry-meta-inner\">\n                         <div class=\"categories-link\"><span class=\"screen-reader-text\">Categories<\/span><a href=\"https:\/\/pesiclaw.com\/en\/category\/podcast\/\" rel=\"category tag\">Podcast<\/a><\/div> <div class=\"posted-on\"><a href=\"https:\/\/pesiclaw.com\/en\/navigating-divorce-a-step-by-step-guide\/\" rel=\"bookmark\"><time class=\"entry-date published\" datetime=\"2025-08-30T13:20:22+02:00\">30\/08\/2025<\/time><time class=\"updated\" datetime=\"2025-09-14T12:09:42+02:00\">14\/09\/2025<\/time><\/a><\/div>                     <\/div>\n                <\/div>\n                <h3 class=\"omega entry-title\"><a href=\"https:\/\/pesiclaw.com\/en\/navigating-divorce-a-step-by-step-guide\/\" rel=\"bookmark\">Od izbeglice do vrsnog pravnika | Olivera \u0160evo-Grebenar &#8211; Ep. 18 Ibex Podcast<\/a><\/h3>                <div class=\"entry-excerpt\"><p>Kada odrasta\u0161 kao izbeglica, seli\u0161 se iz mesta u mesto da biste sa\u010duvali \u017eivu glavu ima\u0161 sve izgovore ovoga sveta do kraja \u017eivota za sve \u0161to nisi uspeo\/uspela da uradi\u0161! <\/p>\n<\/div>\n            <\/div>\n        <\/div>\n    <\/div>\n<\/article><!-- #post-## -->                        <\/div>\n                                                <div class=\"grid-item\">\n                            <article id=\"post-6419\" class=\"article-default post-6419 post type-post status-publish format-standard has-post-thumbnail hentry category-podcast\">\n    <div class=\"post-inner blog-list\">\n        <div class=\"post-content\">\n                            <div class=\"post-left\">\n                    <div class=\"post-thumbnail\"><img decoding=\"async\" width=\"900\" height=\"506\" src=\"https:\/\/pesiclaw.com\/wp-content\/uploads\/2025\/02\/ibex-ivan-1024x576.jpg\" class=\"attachment-large size-large wp-post-image\" alt=\"\" srcset=\"https:\/\/pesiclaw.com\/wp-content\/uploads\/2025\/02\/ibex-ivan-1024x576.jpg 1024w, https:\/\/pesiclaw.com\/wp-content\/uploads\/2025\/02\/ibex-ivan-300x169.jpg 300w, https:\/\/pesiclaw.com\/wp-content\/uploads\/2025\/02\/ibex-ivan-768x432.jpg 768w, https:\/\/pesiclaw.com\/wp-content\/uploads\/2025\/02\/ibex-ivan.jpg 1280w\" sizes=\"(max-width: 900px) 100vw, 900px\" \/><\/div>                <\/div>\n                        <div class=\"post-right\">\n                <div class=\"entry-meta\">\n                    <div class=\"entry-meta-inner\">\n                         <div class=\"categories-link\"><span class=\"screen-reader-text\">Categories<\/span><a href=\"https:\/\/pesiclaw.com\/en\/category\/podcast\/\" rel=\"category tag\">Podcast<\/a><\/div> <div class=\"posted-on\"><a href=\"https:\/\/pesiclaw.com\/en\/legal-strategies-to-protect-your-business\/\" rel=\"bookmark\"><time class=\"entry-date published\" datetime=\"2025-08-30T13:19:21+02:00\">30\/08\/2025<\/time><time class=\"updated\" datetime=\"2025-09-14T12:10:22+02:00\">14\/09\/2025<\/time><\/a><\/div>                     <\/div>\n                <\/div>\n                <h3 class=\"omega entry-title\"><a href=\"https:\/\/pesiclaw.com\/en\/legal-strategies-to-protect-your-business\/\" rel=\"bookmark\">Umetnost \u0107e ti pomo\u0107i da prona\u0111e\u0161 svoje ja | Ivan Blatnik &#8211; Ep. 17 Ibex Podcast<\/a><\/h3>                <div class=\"entry-excerpt\"><p>Ivan Blatnik je svoj \u017eivot posvetio umetnosti! Kroz dizajn, karikaturu, slikanje ispoljavao je svoju inspiraciju koju je nalazio u svemu \u0161to ga okru\u017euje. <\/p>\n<\/div>\n            <\/div>\n        <\/div>\n    <\/div>\n<\/article><!-- #post-## -->                        <\/div>\n                                                <div class=\"grid-item\">\n                            <article id=\"post-6423\" class=\"article-default post-6423 post type-post status-publish format-standard has-post-thumbnail hentry category-podcast\">\n    <div class=\"post-inner blog-list\">\n        <div class=\"post-content\">\n                            <div class=\"post-left\">\n                    <div class=\"post-thumbnail\"><img loading=\"lazy\" decoding=\"async\" width=\"900\" height=\"506\" src=\"https:\/\/pesiclaw.com\/wp-content\/uploads\/2025\/08\/maxresdefault-14-1024x576.jpg\" class=\"attachment-large size-large wp-post-image\" alt=\"\" srcset=\"https:\/\/pesiclaw.com\/wp-content\/uploads\/2025\/08\/maxresdefault-14-1024x576.jpg 1024w, https:\/\/pesiclaw.com\/wp-content\/uploads\/2025\/08\/maxresdefault-14-300x169.jpg 300w, https:\/\/pesiclaw.com\/wp-content\/uploads\/2025\/08\/maxresdefault-14-768x432.jpg 768w, https:\/\/pesiclaw.com\/wp-content\/uploads\/2025\/08\/maxresdefault-14.jpg 1280w\" sizes=\"(max-width: 900px) 100vw, 900px\" \/><\/div>                <\/div>\n                        <div class=\"post-right\">\n                <div class=\"entry-meta\">\n                    <div class=\"entry-meta-inner\">\n                         <div class=\"categories-link\"><span class=\"screen-reader-text\">Categories<\/span><a href=\"https:\/\/pesiclaw.com\/en\/category\/podcast\/\" rel=\"category tag\">Podcast<\/a><\/div> <div class=\"posted-on\"><a href=\"https:\/\/pesiclaw.com\/en\/ne-moze-srecan-covek-da-pise-knjige-meti-kamberi-ep-16-ibex-podcast\/\" rel=\"bookmark\"><time class=\"entry-date published\" datetime=\"2025-08-30T13:19:11+02:00\">30\/08\/2025<\/time><time class=\"updated\" datetime=\"2025-09-14T12:11:08+02:00\">14\/09\/2025<\/time><\/a><\/div>                     <\/div>\n                <\/div>\n                <h3 class=\"omega entry-title\"><a href=\"https:\/\/pesiclaw.com\/en\/ne-moze-srecan-covek-da-pise-knjige-meti-kamberi-ep-16-ibex-podcast\/\" rel=\"bookmark\">Ne mo\u017ee sre\u0107an \u010dovek da pi\u0161e knjige | Meti Kamberi &#8211; Ep. 16 Ibex Podcast<\/a><\/h3>                <div class=\"entry-excerpt\"><\/div>\n            <\/div>\n        <\/div>\n    <\/div>\n<\/article><!-- #post-## -->                        <\/div>\n                                                    <\/div>\n                                        <\/div>\n        \t\t\t\t<\/div>\n\t\t\t\t<\/div>\n\t\t\t\t\t<\/div>\n\t\t\t\t<\/div>\n\t\t\t\t<\/div>\n\t\t","protected":false},"excerpt":{"rendered":"<p>Ibex Podcast ibexpodcast@gmail.com Youtube Podcast Spotify Instagram Tiktok Paypal Link Ibex is a podcast for those looking for a profession, career development, and personal growth. Whether you&#8217;re at the beginning of your career or already have professional experience, these are questions that can plague us all. CategoriesPodcast 30\/08\/202514\/09\/2025 Od izbeglice do vrsnog pravnika | Olivera [&hellip;]<\/p>\n","protected":false},"author":1,"featured_media":0,"parent":0,"menu_order":0,"comment_status":"closed","ping_status":"closed","template":"template-homepage.php","meta":{"footnotes":""},"class_list":["post-6485","page","type-page","status-publish","hentry"],"_links":{"self":[{"href":"https:\/\/pesiclaw.com\/en\/wp-json\/wp\/v2\/pages\/6485","targetHints":{"allow":["GET"]}}],"collection":[{"href":"https:\/\/pesiclaw.com\/en\/wp-json\/wp\/v2\/pages"}],"about":[{"href":"https:\/\/pesiclaw.com\/en\/wp-json\/wp\/v2\/types\/page"}],"author":[{"embeddable":true,"href":"https:\/\/pesiclaw.com\/en\/wp-json\/wp\/v2\/users\/1"}],"replies":[{"embeddable":true,"href":"https:\/\/pesiclaw.com\/en\/wp-json\/wp\/v2\/comments?post=6485"}],"version-history":[{"count":5,"href":"https:\/\/pesiclaw.com\/en\/wp-json\/wp\/v2\/pages\/6485\/revisions"}],"predecessor-version":[{"id":6496,"href":"https:\/\/pesiclaw.com\/en\/wp-json\/wp\/v2\/pages\/6485\/revisions\/6496"}],"wp:attachment":[{"href":"https:\/\/pesiclaw.com\/en\/wp-json\/wp\/v2\/media?parent=6485"}],"curies":[{"name":"wp","href":"https:\/\/api.w.org\/{rel}","templated":true}]}}